{"id":7,"date":"2024-01-16T19:20:40","date_gmt":"2024-01-16T19:20:40","guid":{"rendered":"https:\/\/fundacionascg.org\/?page_id=7"},"modified":"2024-02-09T01:40:28","modified_gmt":"2024-02-09T01:40:28","slug":"home","status":"publish","type":"page","link":"https:\/\/fundacionascg.org\/","title":{"rendered":"Home"},"content":{"rendered":"\t\t<div data-elementor-type=\"wp-page\" data-elementor-id=\"7\" class=\"elementor elementor-7\" data-elementor-post-type=\"page\">\n\t\t\t\t<div class=\"elementor-element elementor-element-75f78332 e-flex e-con-boxed e-con e-parent\" data-id=\"75f78332\" data-element_type=\"container\" data-settings=\"{&quot;background_background&quot;:&quot;video&quot;,&quot;background_video_link&quot;:&quot;https:\\\/\\\/www.youtube.com\\\/watch?v=1r90l2idBVI&quot;,&quot;background_video_start&quot;:45,&quot;background_video_end&quot;:145,&quot;background_play_on_mobile&quot;:&quot;yes&quot;,&quot;shape_divider_bottom&quot;:&quot;curve&quot;,&quot;shape_divider_bottom_negative&quot;:&quot;yes&quot;,&quot;animation&quot;:&quot;none&quot;}\" data-core-v316-plus=\"true\">\n\t\t\t\t\t<div class=\"e-con-inner\">\n\t\t<div class=\"elementor-background-video-container\">\n\t\t\t\t\t\t\t<div class=\"elementor-background-video-embed\"><\/div>\n\t\t\t\t\t\t<\/div>\t\t<div class=\"elementor-shape elementor-shape-bottom\" data-negative=\"true\">\n\t\t\t<svg xmlns=\"http:\/\/www.w3.org\/2000\/svg\" viewBox=\"0 0 1000 100\" preserveAspectRatio=\"none\">\n\t<path class=\"elementor-shape-fill\" d=\"M500,97C126.7,96.3,0.8,19.8,0,0v100l1000,0V1C1000,19.4,873.3,97.8,500,97z\"\/>\n<\/svg>\t\t<\/div>\n\t\t<div class=\"elementor-element elementor-element-2a28897c e-con-full e-flex e-con e-child\" data-id=\"2a28897c\" data-element_type=\"container\">\n\t\t\t\t<div class=\"elementor-element elementor-element-1adf7275 elementor-absolute elementor-widget elementor-widget-image\" data-id=\"1adf7275\" data-element_type=\"widget\" data-settings=\"{&quot;_position&quot;:&quot;absolute&quot;}\" data-widget_type=\"image.default\">\n\t\t\t\t<div class=\"elementor-widget-container\">\n\t\t\t<style>\/*! elementor - v3.20.0 - 26-03-2024 *\/\n.elementor-widget-image{text-align:center}.elementor-widget-image a{display:inline-block}.elementor-widget-image a img[src$=\".svg\"]{width:48px}.elementor-widget-image img{vertical-align:middle;display:inline-block}<\/style>\t\t\t\t\t\t\t\t\t\t<img fetchpriority=\"high\" decoding=\"async\" width=\"2000\" height=\"1333\" src=\"https:\/\/fundacionascg.org\/wp-content\/uploads\/2024\/02\/real-ray-of-light-from-underwater.jpg\" class=\"attachment-full size-full wp-image-45\" alt=\"\" srcset=\"https:\/\/fundacionascg.org\/wp-content\/uploads\/2024\/02\/real-ray-of-light-from-underwater.jpg 2000w, https:\/\/fundacionascg.org\/wp-content\/uploads\/2024\/02\/real-ray-of-light-from-underwater-300x200.jpg 300w, https:\/\/fundacionascg.org\/wp-content\/uploads\/2024\/02\/real-ray-of-light-from-underwater-1024x682.jpg 1024w, https:\/\/fundacionascg.org\/wp-content\/uploads\/2024\/02\/real-ray-of-light-from-underwater-768x512.jpg 768w, https:\/\/fundacionascg.org\/wp-content\/uploads\/2024\/02\/real-ray-of-light-from-underwater-1536x1024.jpg 1536w\" sizes=\"(max-width: 2000px) 100vw, 2000px\" \/>\t\t\t\t\t\t\t\t\t\t\t\t\t<\/div>\n\t\t\t\t<\/div>\n\t\t<div class=\"elementor-element elementor-element-7c260e1b e-flex e-con-boxed e-con e-child\" data-id=\"7c260e1b\" data-element_type=\"container\">\n\t\t\t\t\t<div class=\"e-con-inner\">\n\t\t\t\t<div class=\"elementor-element elementor-element-87cb23d elementor-widget elementor-widget-heading\" data-id=\"87cb23d\" data-element_type=\"widget\" data-widget_type=\"heading.default\">\n\t\t\t\t<div class=\"elementor-widget-container\">\n\t\t\t<style>\/*! elementor - v3.20.0 - 26-03-2024 *\/\n.elementor-heading-title{padding:0;margin:0;line-height:1}.elementor-widget-heading .elementor-heading-title[class*=elementor-size-]>a{color:inherit;font-size:inherit;line-height:inherit}.elementor-widget-heading .elementor-heading-title.elementor-size-small{font-size:15px}.elementor-widget-heading .elementor-heading-title.elementor-size-medium{font-size:19px}.elementor-widget-heading .elementor-heading-title.elementor-size-large{font-size:29px}.elementor-widget-heading .elementor-heading-title.elementor-size-xl{font-size:39px}.elementor-widget-heading .elementor-heading-title.elementor-size-xxl{font-size:59px}<\/style><h1 class=\"elementor-heading-title elementor-size-default\">Comprometidos con el Cambio Positivo en Comunidades Globales<\/h1>\t\t<\/div>\n\t\t\t\t<\/div>\n\t\t\t\t<div class=\"elementor-element elementor-element-4b7f8e03 elementor-widget elementor-widget-text-editor\" data-id=\"4b7f8e03\" data-element_type=\"widget\" data-widget_type=\"text-editor.default\">\n\t\t\t\t<div class=\"elementor-widget-container\">\n\t\t\t<style>\/*! elementor - v3.20.0 - 26-03-2024 *\/\n.elementor-widget-text-editor.elementor-drop-cap-view-stacked .elementor-drop-cap{background-color:#69727d;color:#fff}.elementor-widget-text-editor.elementor-drop-cap-view-framed .elementor-drop-cap{color:#69727d;border:3px solid;background-color:transparent}.elementor-widget-text-editor:not(.elementor-drop-cap-view-default) .elementor-drop-cap{margin-top:8px}.elementor-widget-text-editor:not(.elementor-drop-cap-view-default) .elementor-drop-cap-letter{width:1em;height:1em}.elementor-widget-text-editor .elementor-drop-cap{float:left;text-align:center;line-height:1;font-size:50px}.elementor-widget-text-editor .elementor-drop-cap-letter{display:inline-block}<\/style>\t\t\t\t<p>En la Fundaci\u00f3n ASCG, creemos en el poder de las peque\u00f1as acciones para lograr grandes cambios. <br \/>\u00danete a nosotros mientras trabajamos incansablemente para abordar los desaf\u00edos globales.<\/p>\t\t\t\t\t\t<\/div>\n\t\t\t\t<\/div>\n\t\t\t\t<div class=\"elementor-element elementor-element-8368c8b elementor-widget elementor-widget-image\" data-id=\"8368c8b\" data-element_type=\"widget\" data-widget_type=\"image.default\">\n\t\t\t\t<div class=\"elementor-widget-container\">\n\t\t\t\t\t\t\t\t\t\t\t\t\t<img decoding=\"async\" width=\"1024\" height=\"111\" src=\"https:\/\/fundacionascg.org\/wp-content\/uploads\/2024\/02\/ASCG-SMS_blanco-total-1024x111.png\" class=\"attachment-large size-large wp-image-94\" alt=\"\" srcset=\"https:\/\/fundacionascg.org\/wp-content\/uploads\/2024\/02\/ASCG-SMS_blanco-total-1024x111.png 1024w, https:\/\/fundacionascg.org\/wp-content\/uploads\/2024\/02\/ASCG-SMS_blanco-total-300x33.png 300w, https:\/\/fundacionascg.org\/wp-content\/uploads\/2024\/02\/ASCG-SMS_blanco-total-768x83.png 768w, https:\/\/fundacionascg.org\/wp-content\/uploads\/2024\/02\/ASCG-SMS_blanco-total-1536x167.png 1536w, https:\/\/fundacionascg.org\/wp-content\/uploads\/2024\/02\/ASCG-SMS_blanco-total.png 1724w\" sizes=\"(max-width: 1024px) 100vw, 1024px\" \/>\t\t\t\t\t\t\t\t\t\t\t\t\t<\/div>\n\t\t\t\t<\/div>\n\t\t<div class=\"elementor-element elementor-element-50e85d66 e-flex e-con-boxed e-con e-child\" data-id=\"50e85d66\" data-element_type=\"container\">\n\t\t\t\t\t<div class=\"e-con-inner\">\n\t\t\t\t<div class=\"elementor-element elementor-element-2e9e62ef elementor-widget elementor-widget-button\" data-id=\"2e9e62ef\" data-element_type=\"widget\" data-widget_type=\"button.default\">\n\t\t\t\t<div class=\"elementor-widget-container\">\n\t\t\t\t\t<div class=\"elementor-button-wrapper\">\n\t\t\t<a class=\"elementor-button elementor-button-link elementor-size-lg\" href=\"https:\/\/www.ascg.mx\/\">\n\t\t\t\t\t\t<span class=\"elementor-button-content-wrapper\">\n\t\t\t\t\t\t<span class=\"elementor-button-text\">Pr\u00f3ximamente<\/span>\n\t\t<\/span>\n\t\t\t\t\t<\/a>\n\t\t<\/div>\n\t\t\t\t<\/div>\n\t\t\t\t<\/div>\n\t\t\t\t\t<\/div>\n\t\t\t\t<\/div>\n\t\t\t\t\t<\/div>\n\t\t\t\t<\/div>\n\t\t\t\t<\/div>\n\t\t\t\t\t<\/div>\n\t\t\t\t<\/div>\n\t\t\t\t<\/div>\n\t\t","protected":false},"excerpt":{"rendered":"<p>Comprometidos con el Cambio Positivo en Comunidades Globales En la Fundaci\u00f3n ASCG, creemos en el poder de las peque\u00f1as acciones para lograr grandes cambios. \u00danete a nosotros mientras trabajamos incansablemente para abordar los desaf\u00edos globales. Pr\u00f3ximamente<\/p>\n","protected":false},"author":1,"featured_media":0,"parent":0,"menu_order":0,"comment_status":"closed","ping_status":"closed","template":"elementor_header_footer","meta":{"_monsterinsights_skip_tracking":false,"_monsterinsights_sitenote_active":false,"_monsterinsights_sitenote_note":"","_monsterinsights_sitenote_category":0,"footnotes":""},"blocksy_meta":[],"aioseo_notices":[],"_links":{"self":[{"href":"https:\/\/fundacionascg.org\/index.php\/wp-json\/wp\/v2\/pages\/7"}],"collection":[{"href":"https:\/\/fundacionascg.org\/index.php\/wp-json\/wp\/v2\/pages"}],"about":[{"href":"https:\/\/fundacionascg.org\/index.php\/wp-json\/wp\/v2\/types\/page"}],"author":[{"embeddable":true,"href":"https:\/\/fundacionascg.org\/index.php\/wp-json\/wp\/v2\/users\/1"}],"replies":[{"embeddable":true,"href":"https:\/\/fundacionascg.org\/index.php\/wp-json\/wp\/v2\/comments?post=7"}],"version-history":[{"count":49,"href":"https:\/\/fundacionascg.org\/index.php\/wp-json\/wp\/v2\/pages\/7\/revisions"}],"predecessor-version":[{"id":153,"href":"https:\/\/fundacionascg.org\/index.php\/wp-json\/wp\/v2\/pages\/7\/revisions\/153"}],"wp:attachment":[{"href":"https:\/\/fundacionascg.org\/index.php\/wp-json\/wp\/v2\/media?parent=7"}],"curies":[{"name":"wp","href":"https:\/\/api.w.org\/{rel}","templated":true}]}}